{"id":66152,"date":"2024-07-15T08:57:57","date_gmt":"2024-07-15T06:57:57","guid":{"rendered":"https:\/\/staging.mimsafe.com\/?post_type=product&#038;p=66152"},"modified":"2026-02-03T15:29:22","modified_gmt":"2026-02-03T13:29:22","slug":"variobarrier-headrest-m","status":"publish","type":"product","link":"https:\/\/mimsafe.com\/es\/product\/variobarrier-headrest-m\/","title":{"rendered":"VarioBarrier Headrest M"},"content":{"rendered":"<p>Barrera universal para el maletero, f\u00e1cilmente ajustable para adaptarse a la forma de tu coche y viajar de manera segura con mascotas o carga.<\/p>\n<p>Placa superior perforada para mejorar la visibilidad por el retrovisor. Ancho ajustable para una cobertura m\u00e1xima del espacio. Anclaje al reposacabezas en \u00e1ngulo y ajustable para un ajuste perfecto a la forma de tu coche. Sujeci\u00f3n flexible al reposacabezas para adaptarse sin problemas a los reposacabezas de tu veh\u00edculo.<\/p>\n","protected":false},"excerpt":{"rendered":"<h4>VarioBarrier HeadRest M<br \/>\nRed de carga universal<br \/>\nArt.No.52116<\/h4>\n<p>Ancho: 87 \u2013 156.5 cm<br \/>\nAlto: 36.5 \u2013 44 cm<\/p>\n","protected":false},"featured_media":66207,"template":"","meta":{"_acf_changed":false},"reservdelskompatibilitet":[],"product_brand":[],"product_cat":[34,36,35],"product_tag":[],"class_list":{"0":"post-66152","1":"product","2":"type-product","3":"status-publish","4":"has-post-thumbnail","6":"product_cat-lastgaller","7":"product_cat-headrest","8":"product_cat-variobarrier","9":"product_shipping_class-dogcages","11":"first","12":"instock","13":"featured","14":"taxable","15":"shipping-taxable","16":"purchasable","17":"product-type-simple"},"acf":[],"_links":{"self":[{"href":"https:\/\/mimsafe.com\/es\/wp-json\/wp\/v2\/product\/66152","targetHints":{"allow":["GET"]}}],"collection":[{"href":"https:\/\/mimsafe.com\/es\/wp-json\/wp\/v2\/product"}],"about":[{"href":"https:\/\/mimsafe.com\/es\/wp-json\/wp\/v2\/types\/product"}],"wp:featuredmedia":[{"embeddable":true,"href":"https:\/\/mimsafe.com\/es\/wp-json\/wp\/v2\/media\/66207"}],"wp:attachment":[{"href":"https:\/\/mimsafe.com\/es\/wp-json\/wp\/v2\/media?parent=66152"}],"wp:term":[{"taxonomy":"reservdelskompatibilitet","embeddable":true,"href":"https:\/\/mimsafe.com\/es\/wp-json\/wp\/v2\/reservdelskompatibilitet?post=66152"},{"taxonomy":"product_brand","embeddable":true,"href":"https:\/\/mimsafe.com\/es\/wp-json\/wp\/v2\/product_brand?post=66152"},{"taxonomy":"product_cat","embeddable":true,"href":"https:\/\/mimsafe.com\/es\/wp-json\/wp\/v2\/product_cat?post=66152"},{"taxonomy":"product_tag","embeddable":true,"href":"https:\/\/mimsafe.com\/es\/wp-json\/wp\/v2\/product_tag?post=66152"}],"curies":[{"name":"wp","href":"https:\/\/api.w.org\/{rel}","templated":true}]}}