{"id":66143,"date":"2024-07-12T14:49:53","date_gmt":"2024-07-12T12:49:53","guid":{"rendered":"https:\/\/staging.mimsafe.com\/?post_type=product&#038;p=66143"},"modified":"2026-02-03T16:12:24","modified_gmt":"2026-02-03T14:12:24","slug":"multicage-double-xl","status":"publish","type":"product","link":"https:\/\/mimsafe.com\/es\/product\/multicage-double-xl\/","title":{"rendered":"MultiCage Double XL"},"content":{"rendered":"<p>Ten en cuenta que este modelo debe fijarse en cada esquina con las correas suministradas. Es importante que el coche disponga de anillas de amarre.<\/p>\n","protected":false},"excerpt":{"rendered":"<h4>MultiCage Double XL<br \/>\nJaula profesional para perros<br \/>\nArt.No. 56275<\/h4>\n<p>Ancho: 88 cm<br \/>\nAlto: 75 cm<br \/>\nLargo: 140 cm<br \/>\nPeso: 58.5 kg<\/p>\n<p>MultiCage Double se entrega con dos puertas y un separador. El separador se puede mover para crear espacios de distintos tama\u00f1os y tambi\u00e9n se puede desmontar para obtener el espacio m\u00e1ximo.<\/p>\n","protected":false},"featured_media":66140,"template":"","meta":{"_acf_changed":false},"reservdelskompatibilitet":[],"product_brand":[],"product_cat":[21,31,29],"product_tag":[],"class_list":{"0":"post-66143","1":"product","2":"type-product","3":"status-publish","4":"has-post-thumbnail","6":"product_cat-hundbur","7":"product_cat-multicage-double","8":"product_cat-hundbur-for-yrkestransport","9":"product_shipping_class-heavycagescarrier","11":"first","12":"instock","13":"taxable","14":"shipping-taxable","15":"purchasable","16":"product-type-simple"},"acf":[],"_links":{"self":[{"href":"https:\/\/mimsafe.com\/es\/wp-json\/wp\/v2\/product\/66143","targetHints":{"allow":["GET"]}}],"collection":[{"href":"https:\/\/mimsafe.com\/es\/wp-json\/wp\/v2\/product"}],"about":[{"href":"https:\/\/mimsafe.com\/es\/wp-json\/wp\/v2\/types\/product"}],"wp:featuredmedia":[{"embeddable":true,"href":"https:\/\/mimsafe.com\/es\/wp-json\/wp\/v2\/media\/66140"}],"wp:attachment":[{"href":"https:\/\/mimsafe.com\/es\/wp-json\/wp\/v2\/media?parent=66143"}],"wp:term":[{"taxonomy":"reservdelskompatibilitet","embeddable":true,"href":"https:\/\/mimsafe.com\/es\/wp-json\/wp\/v2\/reservdelskompatibilitet?post=66143"},{"taxonomy":"product_brand","embeddable":true,"href":"https:\/\/mimsafe.com\/es\/wp-json\/wp\/v2\/product_brand?post=66143"},{"taxonomy":"product_cat","embeddable":true,"href":"https:\/\/mimsafe.com\/es\/wp-json\/wp\/v2\/product_cat?post=66143"},{"taxonomy":"product_tag","embeddable":true,"href":"https:\/\/mimsafe.com\/es\/wp-json\/wp\/v2\/product_tag?post=66143"}],"curies":[{"name":"wp","href":"https:\/\/api.w.org\/{rel}","templated":true}]}}