{"id":66131,"date":"2024-07-12T14:31:47","date_gmt":"2024-07-12T12:31:47","guid":{"rendered":"https:\/\/staging.mimsafe.com\/?post_type=product&#038;p=66131"},"modified":"2026-03-05T09:58:06","modified_gmt":"2026-03-05T07:58:06","slug":"care2-yellow-l","status":"publish","type":"product","link":"https:\/\/mimsafe.com\/es\/product\/care2-yellow-l\/","title":{"rendered":"Care2 Yellow L"},"content":{"rendered":"<p>Una jaula port\u00e1til para perros segura y muy pr\u00e1ctica que ofrece un lugar protegido para quienes est\u00e1n realmente cerca de ti. Gracias a su forma y dise\u00f1o \u00fanicos, obtienes una protecci\u00f3n contra impactos bien pensada en todas las direcciones por si, aun as\u00ed, ocurre un accidente. Con sus soportes, la jaula se monta f\u00e1cilmente con la ayuda del cintur\u00f3n de seguridad. Care\u00b2 encaja igual de bien en el asiento delantero que en el trasero.<\/p>\n","protected":false},"excerpt":{"rendered":"<h4>Care2 Yellow L es perfecto para perros peque\u00f1os de hasta 30 cm de altura y un m\u00e1ximo de 9 kg.<br \/>\nArt.no. 55131<\/h4>\n<p>Ancho: 44 cm<br \/>\nAlto: 40 cm<br \/>\nLargo: 48 cm<br \/>\nPeso: 5.6 kg<\/p>\n","protected":false},"featured_media":66270,"template":"","meta":{"_acf_changed":false},"reservdelskompatibilitet":[],"product_brand":[],"product_cat":[21,28,116],"product_tag":[],"class_list":{"0":"post-66131","1":"product","2":"type-product","3":"status-publish","4":"has-post-thumbnail","6":"product_cat-hundbur","7":"product_cat-handhallen-transportor","8":"product_cat-universal","9":"product_shipping_class-dogcages","11":"first","12":"outofstock","13":"featured","14":"taxable","15":"shipping-taxable","16":"purchasable","17":"product-type-simple"},"acf":[],"_links":{"self":[{"href":"https:\/\/mimsafe.com\/es\/wp-json\/wp\/v2\/product\/66131","targetHints":{"allow":["GET"]}}],"collection":[{"href":"https:\/\/mimsafe.com\/es\/wp-json\/wp\/v2\/product"}],"about":[{"href":"https:\/\/mimsafe.com\/es\/wp-json\/wp\/v2\/types\/product"}],"wp:featuredmedia":[{"embeddable":true,"href":"https:\/\/mimsafe.com\/es\/wp-json\/wp\/v2\/media\/66270"}],"wp:attachment":[{"href":"https:\/\/mimsafe.com\/es\/wp-json\/wp\/v2\/media?parent=66131"}],"wp:term":[{"taxonomy":"reservdelskompatibilitet","embeddable":true,"href":"https:\/\/mimsafe.com\/es\/wp-json\/wp\/v2\/reservdelskompatibilitet?post=66131"},{"taxonomy":"product_brand","embeddable":true,"href":"https:\/\/mimsafe.com\/es\/wp-json\/wp\/v2\/product_brand?post=66131"},{"taxonomy":"product_cat","embeddable":true,"href":"https:\/\/mimsafe.com\/es\/wp-json\/wp\/v2\/product_cat?post=66131"},{"taxonomy":"product_tag","embeddable":true,"href":"https:\/\/mimsafe.com\/es\/wp-json\/wp\/v2\/product_tag?post=66131"}],"curies":[{"name":"wp","href":"https:\/\/api.w.org\/{rel}","templated":true}]}}