{"id":66126,"date":"2024-07-12T12:33:26","date_gmt":"2024-07-12T10:33:26","guid":{"rendered":"https:\/\/staging.mimsafe.com\/?post_type=product&#038;p=66126"},"modified":"2026-02-03T16:25:23","modified_gmt":"2026-02-03T14:25:23","slug":"variocage-minimax-l","status":"publish","type":"product","link":"https:\/\/mimsafe.com\/es\/product\/variocage-minimax-l\/","title":{"rendered":"VarioCage minimax L"},"content":{"rendered":"<p>Jaula individual para perros, apta para uno o dos perros peque\u00f1os. Esta jaula es f\u00e1cilmente ajustable en profundidad para adaptarse al maletero de tu veh\u00edculo, garantizando que siga habiendo espacio para el equipaje. La construcci\u00f3n telesc\u00f3pica es la misma que en todos los modelos VarioCage, lo que significa que ofrece una protecci\u00f3n tan buena como el resto de la gama.<\/p>\n","protected":false},"excerpt":{"rendered":"<h4>VarioCage minimax L<br \/>\nAdecuado para razas de perros de hasta 38 cm a la cruz.<br \/>\nArt.No. 00390<\/h4>\n<p>Ancho: 45 cm<br \/>\nAlto: 45.5 cm<br \/>\nLargo: 57-77 cm<br \/>\nPeso: 9 kg<\/p>\n<p>El VarioCage Minimax L est\u00e1 dise\u00f1ado para transportar un perro peque\u00f1o.<\/p>\n","protected":false},"featured_media":66223,"template":"","meta":{"_acf_changed":false},"reservdelskompatibilitet":[],"product_brand":[],"product_cat":[22,21,27],"product_tag":[],"class_list":{"0":"post-66126","1":"product","2":"type-product","3":"status-publish","4":"has-post-thumbnail","6":"product_cat-hundbur-for-personbil","7":"product_cat-hundbur","8":"product_cat-variocage-minimax","9":"product_shipping_class-dogcages","11":"first","12":"instock","13":"featured","14":"taxable","15":"shipping-taxable","16":"purchasable","17":"product-type-simple"},"acf":[],"_links":{"self":[{"href":"https:\/\/mimsafe.com\/es\/wp-json\/wp\/v2\/product\/66126","targetHints":{"allow":["GET"]}}],"collection":[{"href":"https:\/\/mimsafe.com\/es\/wp-json\/wp\/v2\/product"}],"about":[{"href":"https:\/\/mimsafe.com\/es\/wp-json\/wp\/v2\/types\/product"}],"wp:featuredmedia":[{"embeddable":true,"href":"https:\/\/mimsafe.com\/es\/wp-json\/wp\/v2\/media\/66223"}],"wp:attachment":[{"href":"https:\/\/mimsafe.com\/es\/wp-json\/wp\/v2\/media?parent=66126"}],"wp:term":[{"taxonomy":"reservdelskompatibilitet","embeddable":true,"href":"https:\/\/mimsafe.com\/es\/wp-json\/wp\/v2\/reservdelskompatibilitet?post=66126"},{"taxonomy":"product_brand","embeddable":true,"href":"https:\/\/mimsafe.com\/es\/wp-json\/wp\/v2\/product_brand?post=66126"},{"taxonomy":"product_cat","embeddable":true,"href":"https:\/\/mimsafe.com\/es\/wp-json\/wp\/v2\/product_cat?post=66126"},{"taxonomy":"product_tag","embeddable":true,"href":"https:\/\/mimsafe.com\/es\/wp-json\/wp\/v2\/product_tag?post=66126"}],"curies":[{"name":"wp","href":"https:\/\/api.w.org\/{rel}","templated":true}]}}