{"id":66124,"date":"2024-07-12T12:29:46","date_gmt":"2024-07-12T10:29:46","guid":{"rendered":"https:\/\/staging.mimsafe.com\/?post_type=product&#038;p=66124"},"modified":"2026-02-03T16:34:30","modified_gmt":"2026-02-03T14:34:30","slug":"variocage-compact-l","status":"publish","type":"product","link":"https:\/\/mimsafe.com\/es\/product\/variocage-compact-l\/","title":{"rendered":"VarioCage compact L"},"content":{"rendered":"<p>Con unos pocos pasos sencillos, la profundidad se ajusta a tu coche en particular. Gracias a que la puerta est\u00e1 elevada, se abre por encima del umbral del maletero.<\/p>\n","protected":false},"excerpt":{"rendered":"<h4>VarioCage compact L<br \/>\nLa opci\u00f3n m\u00e1s segura para veh\u00edculos de cinco puertas.<br \/>\nAdecuado para razas de perros de hasta 58 cm a la cruz.<br \/>\nArt.No. 00367<\/h4>\n<p>Ancho: 55.5 cm<br \/>\nAlto: 65 cm<br \/>\nLargo: 60-82 cm<br \/>\nPeso: 12 kg<\/p>\n<p>VarioCage Compact L est\u00e1 dise\u00f1ado para transportar un perro de tama\u00f1o mediano.<\/p>\n","protected":false},"featured_media":66227,"template":"","meta":{"_acf_changed":false},"reservdelskompatibilitet":[],"product_brand":[],"product_cat":[22,21,26],"product_tag":[],"class_list":{"0":"post-66124","1":"product","2":"type-product","3":"status-publish","4":"has-post-thumbnail","6":"product_cat-hundbur-for-personbil","7":"product_cat-hundbur","8":"product_cat-variocage-compact","9":"product_shipping_class-dogcages","11":"first","12":"instock","13":"featured","14":"taxable","15":"shipping-taxable","16":"purchasable","17":"product-type-simple"},"acf":[],"_links":{"self":[{"href":"https:\/\/mimsafe.com\/es\/wp-json\/wp\/v2\/product\/66124","targetHints":{"allow":["GET"]}}],"collection":[{"href":"https:\/\/mimsafe.com\/es\/wp-json\/wp\/v2\/product"}],"about":[{"href":"https:\/\/mimsafe.com\/es\/wp-json\/wp\/v2\/types\/product"}],"wp:featuredmedia":[{"embeddable":true,"href":"https:\/\/mimsafe.com\/es\/wp-json\/wp\/v2\/media\/66227"}],"wp:attachment":[{"href":"https:\/\/mimsafe.com\/es\/wp-json\/wp\/v2\/media?parent=66124"}],"wp:term":[{"taxonomy":"reservdelskompatibilitet","embeddable":true,"href":"https:\/\/mimsafe.com\/es\/wp-json\/wp\/v2\/reservdelskompatibilitet?post=66124"},{"taxonomy":"product_brand","embeddable":true,"href":"https:\/\/mimsafe.com\/es\/wp-json\/wp\/v2\/product_brand?post=66124"},{"taxonomy":"product_cat","embeddable":true,"href":"https:\/\/mimsafe.com\/es\/wp-json\/wp\/v2\/product_cat?post=66124"},{"taxonomy":"product_tag","embeddable":true,"href":"https:\/\/mimsafe.com\/es\/wp-json\/wp\/v2\/product_tag?post=66124"}],"curies":[{"name":"wp","href":"https:\/\/api.w.org\/{rel}","templated":true}]}}