{"id":66111,"date":"2024-07-12T11:46:17","date_gmt":"2024-07-12T09:46:17","guid":{"rendered":"https:\/\/staging.mimsafe.com\/?post_type=product&#038;p=66111"},"modified":"2026-02-03T16:48:08","modified_gmt":"2026-02-03T14:48:08","slug":"variocage-single-lplus","status":"publish","type":"product","link":"https:\/\/mimsafe.com\/es\/product\/variocage-single-lplus\/","title":{"rendered":"VarioCage single L+"},"content":{"rendered":"<p>Dise\u00f1ada para alojar a un perro. Esta jaula es f\u00e1cilmente ajustable en profundidad para adaptarse al maletero de tu veh\u00edculo, garantizando que siga habiendo espacio para el equipaje.<\/p>\n","protected":false},"excerpt":{"rendered":"<h4><strong>VarioCage single L+<br \/>\n<\/strong><strong>Una muy pr\u00e1ctica jaula doble<\/strong><strong>.<br \/>\nAdecuado para razas de perros de hasta 62 cm a la cruz.<br \/>\n<\/strong>Art.No. 00379<\/h4>\n<p>Ancho: 70 cm<br \/>\nAlto: 69 cm<br \/>\nLargo: 81-103 cm<br \/>\nPeso: 22.5 kg<\/p>\n","protected":false},"featured_media":66248,"template":"","meta":{"_acf_changed":false},"reservdelskompatibilitet":[],"product_brand":[],"product_cat":[22,21,24],"product_tag":[],"class_list":{"0":"post-66111","1":"product","2":"type-product","3":"status-publish","4":"has-post-thumbnail","6":"product_cat-hundbur-for-personbil","7":"product_cat-hundbur","8":"product_cat-variocage-single","9":"product_shipping_class-dogcages","11":"first","12":"instock","13":"featured","14":"taxable","15":"shipping-taxable","16":"purchasable","17":"product-type-simple"},"acf":[],"_links":{"self":[{"href":"https:\/\/mimsafe.com\/es\/wp-json\/wp\/v2\/product\/66111","targetHints":{"allow":["GET"]}}],"collection":[{"href":"https:\/\/mimsafe.com\/es\/wp-json\/wp\/v2\/product"}],"about":[{"href":"https:\/\/mimsafe.com\/es\/wp-json\/wp\/v2\/types\/product"}],"wp:featuredmedia":[{"embeddable":true,"href":"https:\/\/mimsafe.com\/es\/wp-json\/wp\/v2\/media\/66248"}],"wp:attachment":[{"href":"https:\/\/mimsafe.com\/es\/wp-json\/wp\/v2\/media?parent=66111"}],"wp:term":[{"taxonomy":"reservdelskompatibilitet","embeddable":true,"href":"https:\/\/mimsafe.com\/es\/wp-json\/wp\/v2\/reservdelskompatibilitet?post=66111"},{"taxonomy":"product_brand","embeddable":true,"href":"https:\/\/mimsafe.com\/es\/wp-json\/wp\/v2\/product_brand?post=66111"},{"taxonomy":"product_cat","embeddable":true,"href":"https:\/\/mimsafe.com\/es\/wp-json\/wp\/v2\/product_cat?post=66111"},{"taxonomy":"product_tag","embeddable":true,"href":"https:\/\/mimsafe.com\/es\/wp-json\/wp\/v2\/product_tag?post=66111"}],"curies":[{"name":"wp","href":"https:\/\/api.w.org\/{rel}","templated":true}]}}