{"id":67009,"date":"2024-08-12T11:34:18","date_gmt":"2024-08-12T11:34:18","guid":{"rendered":"https:\/\/mimsafe.com\/es\/?page_id=67009"},"modified":"2026-02-06T12:34:07","modified_gmt":"2026-02-06T10:34:07","slug":"terms-and-conditions","status":"publish","type":"page","link":"https:\/\/mimsafe.com\/es\/terms-and-conditions\/","title":{"rendered":"T\u00e9rminos y condiciones"},"content":{"rendered":"[vc_row type=\u00bbfull_width_content\u00bb full_screen_row_position=\u00bbmiddle\u00bb column_margin=\u00bbdefault\u00bb equal_height=\u00bbyes\u00bb content_placement=\u00bbtop\u00bb column_direction=\u00bbdefault\u00bb column_direction_tablet=\u00bbdefault\u00bb column_direction_phone=\u00bbdefault\u00bb scene_position=\u00bbcenter\u00bb text_color=\u00bbdark\u00bb text_align=\u00bbleft\u00bb row_border_radius=\u00bbnone\u00bb row_border_radius_applies=\u00bbbg\u00bb overflow=\u00bbvisible\u00bb overlay_strength=\u00bb0.3&#8243; gradient_direction=\u00bbleft_to_right\u00bb shape_divider_position=\u00bbbottom\u00bb bg_image_animation=\u00bbnone\u00bb shape_type=\u00bb\u00bb][vc_column column_padding=\u00bbpadding-10-percent\u00bb column_padding_tablet=\u00bbinherit\u00bb column_padding_phone=\u00bbinherit\u00bb column_padding_position=\u00bball\u00bb column_element_direction_desktop=\u00bbdefault\u00bb column_element_spacing=\u00bbdefault\u00bb centered_text=\u00bbtrue\u00bb desktop_text_alignment=\u00bbdefault\u00bb tablet_text_alignment=\u00bbdefault\u00bb phone_text_alignment=\u00bbdefault\u00bb background_color=\u00bb#f7f7f7&#8243; background_color_opacity=\u00bb1&#8243; background_hover_color_opacity=\u00bb1&#8243; column_backdrop_filter=\u00bbnone\u00bb column_shadow=\u00bbnone\u00bb column_border_radius=\u00bbnone\u00bb column_link_target=\u00bb_self\u00bb column_position=\u00bbdefault\u00bb gradient_direction=\u00bbleft_to_right\u00bb overlay_strength=\u00bb0.3&#8243; width=\u00bb1\/2&#8243; tablet_width_inherit=\u00bbdefault\u00bb animation_type=\u00bbdefault\u00bb bg_image_animation=\u00bbnone\u00bb border_type=\u00bbsimple\u00bb column_border_width=\u00bbnone\u00bb column_border_style=\u00bbsolid\u00bb][nectar_icon icon_family=\u00bbiconsmind\u00bb icon_style=\u00bbborder-animation\u00bb icon_border_thickness=\u00bb2px\u00bb icon_color_type=\u00bbcolor_scheme\u00bb icon_color=\u00bbextra-color-gradient-1&#8243; icon_padding=\u00bb25px\u00bb pointer_events=\u00bball\u00bb icon_iconsmind=\u00bbiconsmind-Building\u00bb margin_bottom=\u00bb15&#8243; icon_size=\u00bb40&#8243; url=\u00bb#\u00bb][divider line_type=\u00bbNo Line\u00bb custom_height=\u00bb10&#8243;][vc_column_text css=\u00bb\u00bb max_width=\u00bb315&#8243; text_direction=\u00bbdefault\u00bb]\n<h4>Empresa y organizaciones<\/h4>\n[\/vc_column_text][divider line_type=\u00bbNo Line\u00bb custom_height=\u00bb5&#8243;][vc_column_text css=\u00bb.vc_custom_1770373374134{margin-bottom: 40px !important;}\u00bb max_width=\u00bb350&#8243; text_direction=\u00bbdefault\u00bb]<strong>Aplicabilidad<\/strong><\/p>\n<p>Estos t\u00e9rminos de compra son aplicables en el caso de que no se haya celebrado un acuerdo directo por escrito entre MIM Construction AB y el comprador (empresa u organizaci\u00f3n) o de que la legislaci\u00f3n sueca u otra legislaci\u00f3n aplicable no establezca t\u00e9rminos que entren en conflicto con los presentes.[\/vc_column_text][divider line_type=\u00bbNo Line\u00bb custom_height=\u00bb10&#8243;][vc_column_text css=\u00bb.vc_custom_1770373397490{margin-bottom: 40px !important;}\u00bb max_width=\u00bb350&#8243; text_direction=\u00bbdefault\u00bb]<strong>Pedido<\/strong><\/p>\n<p>El cliente debe tener al menos 18 a\u00f1os. Los clientes menores de 18 a\u00f1os deben obtener el permiso de sus tutores legales antes de completar la compra. Los pedidos realizados a nombre de otra persona sin su consentimiento, o de cualquier otra forma que cause a MIM un perjuicio econ\u00f3mico, ser\u00e1n denunciados a la polic\u00eda.<br data-start=\"693\" data-end=\"696\" \/>MIM Construction AB se reserva el derecho de corregir errores de impresi\u00f3n, errores en la informaci\u00f3n y errores en las especificaciones de todos los productos y servicios de la gama de MIM. Toda la informaci\u00f3n de im\u00e1genes debe considerarse ilustrativa y no puede garantizarse que reproduzca exactamente la apariencia y las caracter\u00edsticas del producto.[\/vc_column_text][divider line_type=\u00bbNo Line\u00bb custom_height=\u00bb10&#8243;][vc_column_text css=\u00bb.vc_custom_1770373417920{margin-bottom: 40px !important;}\u00bb max_width=\u00bb350&#8243; text_direction=\u00bbdefault\u00bb]<strong>Pago \/ Precios<\/strong><\/p>\n<p>El IVA y el env\u00edo est\u00e1n incluidos en todos los precios. A las sociedades an\u00f3nimas y organizaciones se les factura a 30 d\u00edas netos tras una verificaci\u00f3n de cr\u00e9dito aprobada. Para otras formas de negocio, la entrega se realiza mediante pago contra reembolso o pago directo. En caso de pago tard\u00edo, se aplicar\u00e1 un inter\u00e9s de demora del 8% mensual a partir de la fecha de vencimiento.<br data-start=\"1446\" data-end=\"1449\" \/>MIM Construction AB se reserva el derecho de realizar cambios de precio, corregir precios incorrectos y ventas finales.<br data-start=\"1568\" data-end=\"1571\" \/>En los casos en los que el precio de un producto sea evidentemente incorrecto, esto puede obligar a MIM a cancelar la compra y reembolsar cualquier importe pagado de la mejor manera posible. Esto puede hacerse en cualquier momento durante el transcurso de la transacci\u00f3n cuando se detecte el error. La causa del error debe comunicarse claramente al cliente en relaci\u00f3n con la cancelaci\u00f3n de la compra.[\/vc_column_text][divider line_type=\u00bbNo Line\u00bb custom_height=\u00bb10&#8243;][vc_column_text css=\u00bb.vc_custom_1770373438373{margin-bottom: 40px !important;}\u00bb max_width=\u00bb350&#8243; text_direction=\u00bbdefault\u00bb]<strong>Plazos de entrega y cancelaciones<\/strong><\/p>\n<p>Si el cliente considera que la entrega se retrasa de tal manera que ya no desea recibir un pedido, es responsabilidad del cliente cancelar el pedido de acuerdo con los t\u00e9rminos de compra de MIM.<br data-start=\"2203\" data-end=\"2206\" \/>No es posible cancelar despu\u00e9s de que el pedido haya sido enviado. En los casos en los que el pedido haya sido enviado, el cliente est\u00e1 obligado a recibir el env\u00edo. No es posible cancelar un producto no almacenado, adquirido espec\u00edficamente para el cliente. La cancelaci\u00f3n no ser\u00e1 v\u00e1lida hasta que el cliente haya recibido confirmaci\u00f3n por parte de MIM, ya sea por correo o por fax.[\/vc_column_text][divider line_type=\u00bbNo Line\u00bb custom_height=\u00bb10&#8243;][vc_column_text css=\u00bb.vc_custom_1770373459535{margin-bottom: 40px !important;}\u00bb max_width=\u00bb350&#8243; text_direction=\u00bbdefault\u00bb]<strong>Derecho de propiedad<\/strong><\/p>\n<p>Todos los bienes siguen siendo propiedad de MIM hasta que se haya realizado el pago completo.[\/vc_column_text][divider line_type=\u00bbNo Line\u00bb custom_height=\u00bb10&#8243;][vc_column_text css=\u00bb.vc_custom_1770373485647{margin-bottom: 40px !important;}\u00bb max_width=\u00bb350&#8243; text_direction=\u00bbdefault\u00bb]<strong>Responsabilidad por errores<\/strong><\/p>\n<p>La responsabilidad de MIM como consecuencia de defectos en los bienes se limita a estos t\u00e9rminos de venta. MIM no asume ninguna responsabilidad directa o indirecta por, por ejemplo, entre otros, incompatibilidades, retrasos en la entrega, trabajo adicional u otros da\u00f1os econ\u00f3micos.[\/vc_column_text][divider line_type=\u00bbNo Line\u00bb custom_height=\u00bb10&#8243;][vc_column_text css=\u00bb.vc_custom_1770373510296{margin-bottom: 40px !important;}\u00bb max_width=\u00bb350&#8243; text_direction=\u00bbdefault\u00bb]<strong>Garant\u00eda<\/strong><\/p>\n<p>Todos los productos de nuestra gama est\u00e1n cubiertos por una garant\u00eda de al menos tres a\u00f1os, salvo que se indique lo contrario, con la excepci\u00f3n de los consumibles.[\/vc_column_text][divider line_type=\u00bbNo Line\u00bb custom_height=\u00bb10&#8243;][vc_column_text css=\u00bb.vc_custom_1770373550665{margin-bottom: 40px !important;}\u00bb max_width=\u00bb350&#8243; text_direction=\u00bbdefault\u00bb]<strong>Reclamaci\u00f3n<\/strong><\/p>\n<p>Se recomienda revisar todos los productos a la llegada para verificar si hay defectos y que se han entregado los art\u00edculos correctos.<br data-start=\"3341\" data-end=\"3344\" \/>Si se presenta una reclamaci\u00f3n, el cliente debe ponerse en contacto con MIM por correo electr\u00f3nico en <a class=\"decorated-link cursor-pointer\" rel=\"noopener\" data-start=\"3446\" data-end=\"3457\">info@mimsafe.com<\/a><br data-start=\"3457\" data-end=\"3460\" \/>En el correo electr\u00f3nico deben adjuntarse el producto en cuesti\u00f3n, la descripci\u00f3n del error, cualquier mensaje de error, nombre, n\u00famero de tel\u00e9fono y n\u00famero de factura.<br data-start=\"3628\" data-end=\"3631\" \/>Los productos defectuosos devueltos a MIM deben tratarse como si fueran defectuosos. En todo tipo de devoluciones, es extremadamente importante que el producto est\u00e9 embalado de tal forma que no corra el riesgo de da\u00f1arse. El cliente paga el env\u00edo a MIM y, en caso de devoluci\u00f3n v\u00e1lida, MIM paga el env\u00edo de retorno. MIM se reserva el derecho de sustituir los productos defectuosos por equivalentes en los casos en que no haya disponibles productos id\u00e9nticos.[\/vc_column_text][divider line_type=\u00bbNo Line\u00bb custom_height=\u00bb10&#8243;][vc_column_text css=\u00bb.vc_custom_1770373573187{margin-bottom: 40px !important;}\u00bb max_width=\u00bb350&#8243; text_direction=\u00bbdefault\u00bb]<strong>Devoluciones<\/strong><\/p>\n<p>Aplicamos recompra para empresas. Esto significa que MIM Construction AB aceptar\u00e1 recompras dentro de los 14 d\u00edas de un producto que MIM tenga en stock y cuyo embalaje original no haya sido abierto ni est\u00e9 da\u00f1ado. Los bienes cuyo embalaje original haya sido destruido, falten piezas y\/o el producto est\u00e9 usado no se recomprar\u00e1n. MIM se reserva el derecho de abonar el art\u00edculo al precio facturado.[\/vc_column_text][divider line_type=\u00bbNo Line\u00bb custom_height=\u00bb10&#8243;][vc_column_text css=\u00bb.vc_custom_1770373601818{margin-bottom: 40px !important;}\u00bb max_width=\u00bb350&#8243; text_direction=\u00bbdefault\u00bb]<strong>Env\u00edos no recogidos<\/strong><\/p>\n<p>Para env\u00edos no recogidos y que el paquete sea devuelto a MIM, se cobrar\u00e1 una tarifa de 250 SEK, excluido el IVA, para cubrir los costes de transporte de MIM y otros costes administrativos.[\/vc_column_text][divider line_type=\u00bbNo Line\u00bb custom_height=\u00bb10&#8243;][vc_column_text css=\u00bb.vc_custom_1770373622214{margin-bottom: 40px !important;}\u00bb max_width=\u00bb350&#8243; text_direction=\u00bbdefault\u00bb]<strong>Mercanc\u00eda da\u00f1ada en transporte<\/strong><\/p>\n<p>Si un art\u00edculo de MIM resulta da\u00f1ado durante el transporte, tanto si el da\u00f1o es claramente visible como si est\u00e1 oculto, debe informarse inmediatamente al transportista, en cualquier caso dentro de los 7 d\u00edas.[\/vc_column_text][divider line_type=\u00bbNo Line\u00bb custom_height=\u00bb10&#8243;][vc_column_text css=\u00bb.vc_custom_1770373639594{margin-bottom: 40px !important;}\u00bb max_width=\u00bb350&#8243; text_direction=\u00bbdefault\u00bb]<strong>Fuerza mayor<\/strong><\/p>\n<p>En caso de guerra, desastre natural, conflictos laborales, decisiones gubernamentales, falta de suministros de subcontratistas, circunstancias costosas y cualquier otro acontecimiento comparable fuera de nuestro control que no pudiera razonablemente preverse y que afecte a los acuerdos y compromisos asumidos por MIM, y que haga que MIM no pueda cumplir dicho acuerdo, constituir\u00e1 motivo para que MIM quede eximida de sus obligaciones de cumplir dicho acuerdo.[\/vc_column_text][divider line_type=\u00bbNo Line\u00bb custom_height=\u00bb10&#8243;][vc_column_text css=\u00bb.vc_custom_1770373657361{margin-bottom: 40px !important;}\u00bb max_width=\u00bb350&#8243; text_direction=\u00bbdefault\u00bb]<strong>Otros<\/strong><\/p>\n<p>MIMsafe se reserva el derecho de modificar toda la informaci\u00f3n, incluyendo, entre otros, precios, especificaciones t\u00e9cnicas y ofertas de productos, sin previo aviso.<br data-start=\"5606\" data-end=\"5609\" \/>Si es posible, MIM tiene derecho a cancelar la compra y reembolsar cualquier importe pagado de la mejor manera posible. MIM tambi\u00e9n notificar\u00e1 al cliente si existe un producto de sustituci\u00f3n o equivalente disponible.[\/vc_column_text][\/vc_column][vc_column column_padding=\u00bbpadding-10-percent\u00bb column_padding_tablet=\u00bbinherit\u00bb column_padding_phone=\u00bbinherit\u00bb column_padding_position=\u00bball\u00bb column_element_direction_desktop=\u00bbdefault\u00bb column_element_spacing=\u00bbdefault\u00bb centered_text=\u00bbtrue\u00bb desktop_text_alignment=\u00bbdefault\u00bb tablet_text_alignment=\u00bbdefault\u00bb phone_text_alignment=\u00bbdefault\u00bb background_color=\u00bb#ffffff\u00bb background_color_opacity=\u00bb1&#8243; background_hover_color_opacity=\u00bb1&#8243; column_backdrop_filter=\u00bbnone\u00bb column_shadow=\u00bbnone\u00bb column_border_radius=\u00bbnone\u00bb column_link_target=\u00bb_self\u00bb column_position=\u00bbdefault\u00bb gradient_direction=\u00bbleft_to_right\u00bb overlay_strength=\u00bb0.3&#8243; width=\u00bb1\/2&#8243; tablet_width_inherit=\u00bbdefault\u00bb animation_type=\u00bbdefault\u00bb bg_image_animation=\u00bbnone\u00bb border_type=\u00bbsimple\u00bb column_border_width=\u00bbnone\u00bb column_border_style=\u00bbsolid\u00bb][nectar_icon icon_family=\u00bbiconsmind\u00bb icon_style=\u00bbborder-animation\u00bb icon_border_thickness=\u00bb2px\u00bb icon_color_type=\u00bbcolor_scheme\u00bb icon_color=\u00bbextra-color-gradient-1&#8243; icon_padding=\u00bb25px\u00bb pointer_events=\u00bball\u00bb icon_iconsmind=\u00bbiconsmind-Home\u00bb margin_bottom=\u00bb15&#8243; icon_size=\u00bb40&#8243; url=\u00bb#\u00bb][divider line_type=\u00bbNo Line\u00bb custom_height=\u00bb10&#8243;][vc_column_text css=\u00bb\u00bb max_width=\u00bb315&#8243; text_direction=\u00bbdefault\u00bb]\n<h4>Consumidores particulares<\/h4>\n[\/vc_column_text][divider line_type=\u00bbNo Line\u00bb custom_height=\u00bb5&#8243;][vc_column_text css=\u00bb.vc_custom_1770373749635{margin-bottom: 40px !important;}\u00bb max_width=\u00bb350&#8243; text_direction=\u00bbdefault\u00bb]<strong>Aplicabilidad<\/strong><\/p>\n<p>Estas condiciones de compra son aplicables en los casos en que la legislaci\u00f3n sueca u otra legislaci\u00f3n aplicable no establezca condiciones que entren en conflicto con las presentes. Para consumidores particulares, se aplican la Ley de Compras de los Consumidores y la Ley de Contratos a Distancia.[\/vc_column_text][divider line_type=\u00bbNo Line\u00bb custom_height=\u00bb10&#8243;][vc_column_text css=\u00bb.vc_custom_1770373774001{margin-bottom: 40px !important;}\u00bb max_width=\u00bb350&#8243; text_direction=\u00bbdefault\u00bb]<strong>Pedido<\/strong><\/p>\n<p>En los casos en que el cliente sea menor de 18 a\u00f1os, debe obtenerse el permiso del tutor legal antes de la compra. Al realizar un pedido a cr\u00e9dito, se efect\u00faa una verificaci\u00f3n de cr\u00e9dito habitual y el cliente debe tener al menos 18 a\u00f1os. Los pedidos realizados a nombre de otra persona sin su consentimiento, o de cualquier otra forma que cause a MIM un perjuicio econ\u00f3mico, ser\u00e1n denunciados a la polic\u00eda. MIM se reserva el derecho de corregir errores de impresi\u00f3n, errores en la informaci\u00f3n y errores en las especificaciones de todos los productos y servicios de la gama de MIM. Toda la informaci\u00f3n de im\u00e1genes debe considerarse ilustrativa y no puede garantizarse que reproduzca exactamente la apariencia y las caracter\u00edsticas del producto.[\/vc_column_text][divider line_type=\u00bbNo Line\u00bb custom_height=\u00bb10&#8243;][vc_column_text css=\u00bb.vc_custom_1770373801391{margin-bottom: 40px !important;}\u00bb max_width=\u00bb350&#8243; text_direction=\u00bbdefault\u00bb]<strong>Pago \/ Precios<\/strong><\/p>\n<p>El IVA y el env\u00edo est\u00e1n incluidos en todos los precios. La entrega se realiza mediante pago contra reembolso o pago directo.<br data-start=\"1234\" data-end=\"1237\" \/>En caso de pago tard\u00edo, se aplicar\u00e1 un inter\u00e9s de demora del 8% mensual a partir de la fecha de vencimiento. MIM se reserva el derecho de realizar cambios de precio, corregir precios incorrectos y ventas finales. En los casos en los que el precio de un producto sea evidentemente incorrecto, esto puede obligar a MIM a cancelar la compra y reembolsar cualquier importe pagado de la mejor manera posible. Esto puede hacerse en cualquier momento durante el transcurso de la transacci\u00f3n cuando se detecte el error. La causa del error debe comunicarse claramente al cliente en relaci\u00f3n con la cancelaci\u00f3n de la compra.[\/vc_column_text][divider line_type=\u00bbNo Line\u00bb custom_height=\u00bb10&#8243;][vc_column_text css=\u00bb.vc_custom_1770373829274{margin-bottom: 40px !important;}\u00bb max_width=\u00bb350&#8243; text_direction=\u00bbdefault\u00bb]<strong>Plazos de entrega y cancelaciones<\/strong><\/p>\n<p>Si el cliente considera que la entrega se retrasa de tal manera que ya no desea recibir los art\u00edculos pedidos, es responsabilidad del cliente cancelar el pedido de acuerdo con los t\u00e9rminos de compra de MIM.<br data-start=\"2094\" data-end=\"2097\" \/>No es posible cancelar despu\u00e9s de que el pedido haya sido enviado. En los casos en los que el pedido haya sido enviado, el cliente est\u00e1 obligado a recibir el env\u00edo. No es posible cancelar un producto no almacenado, adquirido espec\u00edficamente para el cliente. La cancelaci\u00f3n no ser\u00e1 v\u00e1lida hasta que el cliente haya recibido confirmaci\u00f3n por parte de MIM, ya sea por correo o por fax.[\/vc_column_text][divider line_type=\u00bbNo Line\u00bb custom_height=\u00bb10&#8243;][vc_column_text css=\u00bb.vc_custom_1770373849267{margin-bottom: 40px !important;}\u00bb max_width=\u00bb350&#8243; text_direction=\u00bbdefault\u00bb]<strong>Derecho de propiedad<\/strong><\/p>\n<p>Todos los bienes siguen siendo propiedad de MIM hasta que se haya realizado el pago completo.[\/vc_column_text][divider line_type=\u00bbNo Line\u00bb custom_height=\u00bb10&#8243;][vc_column_text css=\u00bb.vc_custom_1770373866011{margin-bottom: 40px !important;}\u00bb max_width=\u00bb350&#8243; text_direction=\u00bbdefault\u00bb]<strong>Responsabilidad por errores<\/strong><\/p>\n<p>La responsabilidad de MIM como consecuencia de defectos en los bienes se limita a estos t\u00e9rminos de venta. MIM no asume ninguna responsabilidad directa o indirecta por, por ejemplo, entre otros, incompatibilidades, retrasos en la entrega, trabajo adicional u otros da\u00f1os econ\u00f3micos.[\/vc_column_text][divider line_type=\u00bbNo Line\u00bb custom_height=\u00bb10&#8243;][vc_column_text css=\u00bb.vc_custom_1770373884368{margin-bottom: 40px !important;}\u00bb max_width=\u00bb350&#8243; text_direction=\u00bbdefault\u00bb]<strong>Garant\u00eda<\/strong><\/p>\n<p>Todos los productos de nuestra gama est\u00e1n cubiertos por una garant\u00eda de al menos un a\u00f1o, salvo que se indique lo contrario, con la excepci\u00f3n de los consumibles. En los casos en que el fabricante ofrezca un per\u00edodo de garant\u00eda superior a un a\u00f1o, el producto queda cubierto por el mismo, pero despu\u00e9s del primer a\u00f1o, la reclamaci\u00f3n de garant\u00eda debe dirigirse al fabricante. En algunos casos, las reclamaciones de garant\u00eda deben enviarse al fabricante ya en el primer a\u00f1o. MIM no ofrece garant\u00edas adicionales m\u00e1s all\u00e1 de las especificaciones del fabricante.[\/vc_column_text][divider line_type=\u00bbNo Line\u00bb custom_height=\u00bb10&#8243;][vc_column_text css=\u00bb.vc_custom_1770373913832{margin-bottom: 40px !important;}\u00bb max_width=\u00bb350&#8243; text_direction=\u00bbdefault\u00bb]<strong>Reclamaci\u00f3n<\/strong><\/p>\n<p>Se recomienda revisar todos los productos a la llegada para verificar si hay defectos y que se han entregado los art\u00edculos correctos.<br data-start=\"3623\" data-end=\"3626\" \/>Si se presenta una reclamaci\u00f3n, el cliente debe ponerse en contacto con MIM por correo electr\u00f3nico en <a class=\"decorated-link cursor-pointer\" rel=\"noopener\" data-start=\"3728\" data-end=\"3739\">info@mimsafe.com<\/a><br data-start=\"3739\" data-end=\"3742\" \/>En el correo electr\u00f3nico deben adjuntarse el producto en cuesti\u00f3n, la descripci\u00f3n del error, cualquier mensaje de error, nombre, n\u00famero de tel\u00e9fono y n\u00famero de factura.<br data-start=\"3910\" data-end=\"3913\" \/>Los productos defectuosos devueltos a MIM deben tratarse como si fueran defectuosos. En todo tipo de devoluciones, es extremadamente importante que el producto est\u00e9 embalado de tal forma que no corra el riesgo de da\u00f1arse. El cliente paga el env\u00edo a MIM y, en caso de devoluci\u00f3n v\u00e1lida, MIM paga el env\u00edo de retorno. MIM se reserva el derecho de sustituir los productos defectuosos por equivalentes en los casos en que no haya disponibles productos id\u00e9nticos.[\/vc_column_text][divider line_type=\u00bbNo Line\u00bb custom_height=\u00bb10&#8243;][vc_column_text css=\u00bb.vc_custom_1770373933047{margin-bottom: 40px !important;}\u00bb max_width=\u00bb350&#8243; text_direction=\u00bbdefault\u00bb]<strong>Pol\u00edtica de devoluciones<\/strong><\/p>\n<p>En algunos casos, los consumidores particulares tienen derecho a cancelar la compra dentro de los 14 d\u00edas seg\u00fan la ley de contratos a distancia. Sin embargo, el derecho de desistimiento no se aplica cuando el embalaje est\u00e1 abierto y los productos est\u00e1n montados.<br data-start=\"4661\" data-end=\"4664\" \/>El derecho de desistimiento se aplica seg\u00fan la ley solo si el producto y su embalaje original pueden devolverse en un estado sustancialmente inalterado. El producto no debe estar utilizado. Si el consumidor desea ejercer su derecho de desistimiento, debe ponerse en contacto con MIM. El coste del env\u00edo de devoluci\u00f3n corre a cargo del consumidor.[\/vc_column_text][divider line_type=\u00bbNo Line\u00bb custom_height=\u00bb10&#8243;][vc_column_text css=\u00bb.vc_custom_1770373951382{margin-bottom: 40px !important;}\u00bb max_width=\u00bb350&#8243; text_direction=\u00bbdefault\u00bb]<strong>Env\u00edos no recogidos<\/strong><\/p>\n<p>Para env\u00edos no recogidos y que el paquete sea devuelto a MIM, se cobrar\u00e1 una tarifa de 250 SEK, excluido el IVA, para cubrir los costes de transporte de MIM y otros costes administrativos.[\/vc_column_text][divider line_type=\u00bbNo Line\u00bb custom_height=\u00bb10&#8243;][vc_column_text css=\u00bb.vc_custom_1770373970149{margin-bottom: 40px !important;}\u00bb max_width=\u00bb350&#8243; text_direction=\u00bbdefault\u00bb]<strong>Mercanc\u00eda da\u00f1ada en transporte<\/strong><\/p>\n<p>Si un art\u00edculo de MIM resulta da\u00f1ado durante el transporte, tanto si el da\u00f1o es claramente visible como si est\u00e1 oculto, debe informarse inmediatamente al transportista, en cualquier caso dentro de los 7 d\u00edas.[\/vc_column_text][divider line_type=\u00bbNo Line\u00bb custom_height=\u00bb10&#8243;][vc_column_text css=\u00bb.vc_custom_1770373986845{margin-bottom: 40px !important;}\u00bb max_width=\u00bb350&#8243; text_direction=\u00bbdefault\u00bb]<strong>Fuerza mayor<\/strong><\/p>\n<p>En caso de guerra, desastre natural, conflictos laborales, decisiones gubernamentales, falta de suministros de subcontratistas, circunstancias costosas y cualquier otro acontecimiento comparable fuera de nuestro control que no pudiera razonablemente preverse y que afecte a los acuerdos y compromisos asumidos por MIM, y que haga que MIM no pueda cumplir dicho acuerdo, constituir\u00e1 motivo para que MIM quede eximida de sus obligaciones de cumplir dicho acuerdo.[\/vc_column_text][divider line_type=\u00bbNo Line\u00bb custom_height=\u00bb10&#8243;][vc_column_text css=\u00bb.vc_custom_1770374007927{margin-bottom: 40px !important;}\u00bb max_width=\u00bb350&#8243; text_direction=\u00bbdefault\u00bb]<strong>Otros<\/strong><\/p>\n<p data-start=\"5949\" data-end=\"6329\">MIM se reserva el derecho de modificar toda la informaci\u00f3n, incluyendo, entre otros, precios, especificaciones t\u00e9cnicas y ofertas de productos, sin previo aviso.<br data-start=\"6110\" data-end=\"6113\" \/>Si es posible, MIM tiene derecho a cancelar la compra y reembolsar cualquier importe pagado de la mejor manera posible. MIM tambi\u00e9n notificar\u00e1 al cliente si existe un producto de sustituci\u00f3n o equivalente disponible.<\/p>\n<p data-start=\"6331\" data-end=\"6625\" data-is-last-node=\"\" data-is-only-node=\"\">Si los productos de MIM se han adquirido a trav\u00e9s de uno de los distribuidores de MIM, se aplicar\u00e1 la Ley de Compras de los Consumidores o el acuerdo celebrado a trav\u00e9s del distribuidor, y el derecho de desistimiento, recompra, garant\u00edas, etc., deben gestionarse a trav\u00e9s de dicho distribuidor.<\/p>\n[\/vc_column_text][\/vc_column][\/vc_row]\n","protected":false},"excerpt":{"rendered":"<p>[vc_row type=\u00bbfull_width_content\u00bb full_screen_row_position=\u00bbmiddle\u00bb column_margin=\u00bbdefault\u00bb equal_height=\u00bbyes\u00bb content_placement=\u00bbtop\u00bb column_direction=\u00bbdefault\u00bb column_direction_tablet=\u00bbdefault\u00bb column_direction_phone=\u00bbdefault\u00bb scene_position=\u00bbcenter\u00bb text_color=\u00bbdark\u00bb text_align=\u00bbleft\u00bb row_border_radius=\u00bbnone\u00bb row_border_radius_applies=\u00bbbg\u00bb overflow=\u00bbvisible\u00bb overlay_strength=\u00bb0.3&#8243; gradient_direction=\u00bbleft_to_right\u00bb shape_divider_position=\u00bbbottom\u00bb bg_image_animation=\u00bbnone\u00bb shape_type=\u00bb\u00bb][vc_column column_padding=\u00bbpadding-10-percent\u00bb column_padding_tablet=\u00bbinherit\u00bb column_padding_phone=\u00bbinherit\u00bb column_padding_position=\u00bball\u00bb column_element_direction_desktop=\u00bbdefault\u00bb column_element_spacing=\u00bbdefault\u00bb centered_text=\u00bbtrue\u00bb desktop_text_alignment=\u00bbdefault\u00bb tablet_text_alignment=\u00bbdefault\u00bb phone_text_alignment=\u00bbdefault\u00bb&#8230;<\/p>\n","protected":false},"author":1,"featured_media":0,"parent":0,"menu_order":0,"comment_status":"closed","ping_status":"closed","template":"","meta":{"_acf_changed":false,"footnotes":""},"class_list":["post-67009","page","type-page","status-publish"],"acf":[],"_links":{"self":[{"href":"https:\/\/mimsafe.com\/es\/wp-json\/wp\/v2\/pages\/67009","targetHints":{"allow":["GET"]}}],"collection":[{"href":"https:\/\/mimsafe.com\/es\/wp-json\/wp\/v2\/pages"}],"about":[{"href":"https:\/\/mimsafe.com\/es\/wp-json\/wp\/v2\/types\/page"}],"author":[{"embeddable":true,"href":"https:\/\/mimsafe.com\/es\/wp-json\/wp\/v2\/users\/1"}],"replies":[{"embeddable":true,"href":"https:\/\/mimsafe.com\/es\/wp-json\/wp\/v2\/comments?post=67009"}],"version-history":[{"count":5,"href":"https:\/\/mimsafe.com\/es\/wp-json\/wp\/v2\/pages\/67009\/revisions"}],"predecessor-version":[{"id":69019,"href":"https:\/\/mimsafe.com\/es\/wp-json\/wp\/v2\/pages\/67009\/revisions\/69019"}],"wp:attachment":[{"href":"https:\/\/mimsafe.com\/es\/wp-json\/wp\/v2\/media?parent=67009"}],"curies":[{"name":"wp","href":"https:\/\/api.w.org\/{rel}","templated":true}]}}